{"id":12770,"date":"2020-06-14T12:08:23","date_gmt":"2020-06-14T10:08:23","guid":{"rendered":"https:\/\/trinhgia-restaurant.de\/ueber-uns\/"},"modified":"2025-01-02T15:28:16","modified_gmt":"2025-01-02T14:28:16","slug":"ueber-uns","status":"publish","type":"page","link":"https:\/\/trinhgia-restaurant.de\/en\/ueber-uns\/","title":{"rendered":"About Us"},"content":{"rendered":"\n\t<section id=\"contentboxes-mb-block-60e6445c-2cea-49ad-9797-035766a4ac6a\" class=\"section section-contentboxes  alignfull \">\n\n\t\t<div class=\"contentboxes-wrap none\"  >\n\t\t\t\t\t<div class=\"contentboxes-masonry \">\n\n\t\t\t\t<div class=\"grid-sizer-contentboxes\"><\/div>\n\n\t\t\t\t\n\t\t\t\t<div class=\"content-box- contentboxes-image-wrap bg-none half-width square mobile-uncropped   content-dark no-vertical-text has-content cb-mobile-content-leave cb-mobile-content-vertical-leave    \"  data-aos=\"fade-up\" data-aos-delay=\"100\"   style=\"order:2\"  >\n\n\t\t\t\t\t<div class=\"contentboxes-image-wrap-inner\">\n\n\t\t\t\t\t\n\t\t\t\t\t\t<div class=\"contentboxes-zoom-wrap \">\n\t\t\t\t\t\t\n\t\t\t\t\t\t\n\t\t\t\t\t\t\n\t\t\t\t\t\t\t<div class=\"contentboxes-content-wrap centered-content contentboxes-content-center contentboxes-content-middle\"  >\n\n\t\t\t\t\t\t\t\t\t\t\t\t\t\t\t\t<div class=\"contentboxes-content section-content\">\n\t\t\t\t\t\t\t\t\t\t\t\t\t\t\t\t\t\t\t\t\t\t\t\t\t\t\t\t<div class=\"contentboxes-content-item contentboxes-subtitle subtitle-above use-body-font\"  data-aos=\"fade-down\" data-aos-delay=\"100\"  >Restaurant Philosophy<\/div>\n\t\t\t\t\t\t\t\t\t\t\t\t\t\t\t\t\t\t\t\t\t\t\t\t\t                \t<h1  class=\"contentboxes-content-item contentboxes-title\"  data-aos=\"slide-up\"  >About Us<\/h1>\n\t\t\t\t\t\t\t                \t\t\t\t\t\t\t                \t\t\t\t\t\t\t                \t\t\t\t\t\t\t                \t<div class=\"contentboxes-content-item contentboxes-text\"  data-aos=\"fade-right\" data-aos-delay=\"340\"  >We stand for a modern Asian cuisine that combines tradition and innovation. Our dishes are inspired by the diverse flavors of Asia, without adhering to rigid rules. We want to show you that Asian cuisine is more than just classics \u2013 it is creative, diverse, and full of surprises. Our goal is not only to offer you delicious food, but also to open up a new perspective on Asian cuisine. With passion and craftsmanship, we create dishes that convince through flavor, freshness, and quality.\r\nUnser Ziel ist es, Ihnen nicht nur gutes Essen zu bieten, sondern auch eine neue Perspektive auf die asiatische Kulinarik zu er\u00f6ffnen. Mit Leidenschaft und handwerklichem K\u00f6nnen schaffen wir Gerichte, die durch Geschmack, Frische und Qualit\u00e4t \u00fcberzeugen.<\/div>\n\t\t\t\t\t\t\t                \t\t\t\t\t\t\t                \t\t\t\t\t\t        \t<\/div>\n\t\t\t\t\t\t        \t\n\t\t\t\t\t\t\t\t\t\t\t\t\t\n\t\t\t\t\t\t<\/div>\n\t\t\t\t\t<\/div>\n\t\t\t\t\t<\/div>\n\n\t\t\t\t\t\t   \t \n\t\t\t\t<\/div>\n\t\t\t\t\t\n\t\t\t\n\t\t\t\t<div class=\"content-box-12143 contentboxes-image-wrap bg-image half-width square mobile-uncropped   content-white no-vertical-text no-content cb-mobile-content-leave cb-mobile-content-vertical-leave    \"  data-aos=\"fade-up\" data-aos-delay=\"200\"   style=\"order:1\"  >\n\n\t\t\t\t\t<div class=\"contentboxes-image-wrap-inner\">\n\n\t\t\t\t\t\n\t\t\t\t\t\t<div class=\"contentboxes-zoom-wrap \">\n\t\t\t\t\t\t\n\t\t\t\t\t\t\t\t\t\t\t\t\t<div class=\"contentboxbgimage\" style=\"background-image: url(https:\/\/trinhgia-restaurant.de\/wp-content\/uploads\/2024\/11\/trinh-gia-restaurant-augsburg-startseite-ueber-uns-1.webp);\"><\/div> \n\t\t\t\t\t\t\t\t\t\t\t\t<div class=\"contentbox-overlay   gradient-contentboxes-content-middle\" >\n\t\t\t\t\t\t\n\t\t\t\t\t\t\t<div class=\"contentboxes-content-wrap centered-content contentboxes-content-center contentboxes-content-middle\"  >\n\n\t\t\t\t\t\t\t\t\n\t\t\t\t\t\t\t\t\t\t\t\t\t\t<\/div>\n\t\t\t\t\t\t\t\t\t\t\t\t\t\n\t\t\t\t\t\t<\/div>\n\t\t\t\t\t<\/div>\n\t\t\t\t\t<\/div>\n\n\t\t\t\t\t\t   \t \n\t\t\t\t<\/div>\n\t\t\t\t\t\n\t\t\t\t\t\t<\/div>\n\t\t\t\t<\/div>\n\n\t<\/section> \n\n\n\n\n\t<section id=\"contentboxes-mb-block-b30cb9b9-2193-484d-bc44-452ae848fc47\" class=\"section section-contentboxes  alignfull \">\n\n\t\t<div class=\"contentboxes-wrap none\"  >\n\t\t\t\t\t<div class=\"contentboxes-masonry \">\n\n\t\t\t\t<div class=\"grid-sizer-contentboxes\"><\/div>\n\n\t\t\t\t\n\t\t\t\t<div class=\"content-box-12145 contentboxes-image-wrap bg-image half-width square mobile-uncropped   content-dark no-vertical-text no-content cb-mobile-content-leave cb-mobile-content-vertical-leave    \"  data-aos=\"fade-up\" data-aos-delay=\"100\"   >\n\n\t\t\t\t\t<div class=\"contentboxes-image-wrap-inner\">\n\n\t\t\t\t\t\n\t\t\t\t\t\t<div class=\"contentboxes-zoom-wrap \">\n\t\t\t\t\t\t\n\t\t\t\t\t\t\t\t\t\t\t\t\t<div class=\"contentboxbgimage\" style=\"background-image: url(https:\/\/trinhgia-restaurant.de\/wp-content\/uploads\/2024\/11\/trinh-gia-restaurant-augsburg-startseite-ueber-uns-2.webp);\"><\/div> \n\t\t\t\t\t\t\t\t\t\t\t\t<div class=\"contentbox-overlay   gradient-contentboxes-content-middle\" >\n\t\t\t\t\t\t\n\t\t\t\t\t\t\t<div class=\"contentboxes-content-wrap centered-content contentboxes-content-center contentboxes-content-middle\"  >\n\n\t\t\t\t\t\t\t\t\n\t\t\t\t\t\t\t\t\t\t\t\t\t\t<\/div>\n\t\t\t\t\t\t\t\t\t\t\t\t\t\n\t\t\t\t\t\t<\/div>\n\t\t\t\t\t<\/div>\n\t\t\t\t\t<\/div>\n\n\t\t\t\t\t\t   \t \n\t\t\t\t<\/div>\n\t\t\t\t\t\n\t\t\t\n\t\t\t\t<div class=\"content-box- contentboxes-image-wrap bg-none half-width square mobile-uncropped    no-vertical-text has-content cb-mobile-content-center cb-mobile-content-vertical-leave    \"  data-aos=\"fade-up\" data-aos-delay=\"200\"   >\n\n\t\t\t\t\t<div class=\"contentboxes-image-wrap-inner\">\n\n\t\t\t\t\t\n\t\t\t\t\t\t<div class=\"contentboxes-zoom-wrap \">\n\t\t\t\t\t\t\n\t\t\t\t\t\t\n\t\t\t\t\t\t\n\t\t\t\t\t\t\t<div class=\"contentboxes-content-wrap centered-content contentboxes-content-left contentboxes-content-middle\"  >\n\n\t\t\t\t\t\t\t\t\t\t\t\t\t\t\t\t<div class=\"contentboxes-content section-content\">\n\t\t\t\t\t\t\t\t\t\t\t\t\t\t\t\t\t\t\t\t\t\t\t\t\t\t\t\t\t\t\t\t\t\t                \t<h2  class=\"contentboxes-content-item contentboxes-title\"  data-aos=\"slide-up\"  >Quality of Ingredients<\/h2>\n\t\t\t\t\t\t\t                \t\t\t\t\t\t\t                \t\t\t\t\t\t\t                \t\t\t\t\t\t\t                \t<div class=\"contentboxes-content-item contentboxes-text\"  data-aos=\"fade-right\" data-aos-delay=\"340\"  >For us, good taste begins with the best ingredients. That\u2019s why we place great value on freshness and quality. We work with carefully selected products that meet our high standards. Fresh vegetables, aromatic spices, and high-quality ingredients are the foundation of our kitchen. Every dish is prepared fresh \u2013 without compromise. We believe that you can taste the difference when it\u2019s cooked with love and attention to detail.\r\nJedes Gericht wird bei uns frisch zubereitet \u2013 ohne Kompromisse. Wir glauben daran, dass man den Unterschied schmeckt, wenn mit Liebe zum Detail gekocht wird.<\/div>\n\t\t\t\t\t\t\t                \t\t\t\t\t\t\t                \t\t\t\t\t\t        \t<\/div>\n\t\t\t\t\t\t        \t\n\t\t\t\t\t\t\t\t\t\t\t\t\t\n\t\t\t\t\t\t<\/div>\n\t\t\t\t\t<\/div>\n\t\t\t\t\t<\/div>\n\n\t\t\t\t\t\t   \t \n\t\t\t\t<\/div>\n\t\t\t\t\t\n\t\t\t\t\t\t<\/div>\n\t\t\t\t<\/div>\n\n\t<\/section> \n\n\n\n\n\t<section id=\"contentboxes-mb-block-a0410492-6d4b-4473-ad9f-51b405b5c5ae\" class=\"section section-contentboxes  alignfull \">\n\n\t\t<div class=\"contentboxes-wrap none\"  >\n\t\t\t\t\t<div class=\"contentboxes-masonry \">\n\n\t\t\t\t<div class=\"grid-sizer-contentboxes\"><\/div>\n\n\t\t\t\t\n\t\t\t\t<div class=\"content-box- contentboxes-image-wrap bg-none half-width square mobile-uncropped   content-dark no-vertical-text has-content cb-mobile-content-center cb-mobile-content-vertical-leave    \"  data-aos=\"fade-up\" data-aos-delay=\"100\"   style=\"order:2\"  >\n\n\t\t\t\t\t<div class=\"contentboxes-image-wrap-inner\">\n\n\t\t\t\t\t\n\t\t\t\t\t\t<div class=\"contentboxes-zoom-wrap \">\n\t\t\t\t\t\t\n\t\t\t\t\t\t\n\t\t\t\t\t\t\n\t\t\t\t\t\t\t<div class=\"contentboxes-content-wrap centered-content contentboxes-content-right contentboxes-content-middle\"  >\n\n\t\t\t\t\t\t\t\t\t\t\t\t\t\t\t\t<div class=\"contentboxes-content section-content\">\n\t\t\t\t\t\t\t\t\t\t\t\t\t\t\t\t\t\t\t\t\t\t\t\t\t\t\t\t\t\t\t\t\t\t                \t<h2  class=\"contentboxes-content-item contentboxes-title\"  data-aos=\"slide-up\"  >A Place to Enjoy and Feel Good<\/h2>\n\t\t\t\t\t\t\t                \t\t\t\t\t\t\t                \t\t\t\t\t\t\t                \t\t\t\t\t\t\t                \t<div class=\"contentboxes-content-item contentboxes-text\"  data-aos=\"fade-right\" data-aos-delay=\"340\"  >Our restaurant is a place to feel good. The modern design combines Asian elements with a clear, contemporary aesthetic. Warm colors, subtle lighting, and a well-thought-out spatial concept create a relaxed atmosphere for any occasion.\r\nOur restaurant offers the ideal place for you to enjoy a meal or spend time with friends in a pleasant atmosphere. Our goal is not just to serve you good food, but also to create a place where you can truly feel comfortable.\r\n\r\nUnser Restaurant bietet Ihnen den idealen Ort, um entspannt zu zweit zu essen oder Zeit mit Freunden in angenehmer Atmosph\u00e4re zu verbringen. Unser Ziel ist es, Ihnen nicht nur gutes Essen zu servieren, sondern auch einen Ort zu schaffen, an dem Sie sich rundum wohlf\u00fchlen k\u00f6nnen. <\/div>\n\t\t\t\t\t\t\t                \t\t\t\t\t\t\t                \t\t\t\t\t\t\t                \t<div class=\"contentboxes-content-item contentboxes-button-wrap\">\n\t\t\t\t\t\t\t\t\t\t\t<a href=\"https:\/\/trinhgia-restaurant.de\/en\/reservieren\" class=\"contentboxes-button button button-outline  content-dark\"  data-aos=\"fade-up\" data-aos-delay=\"380\"  >\n\t\t\t\t\t\t\t\t\t\t\tReserve Now\t\t\t\t\t\t\t\t\t\t\t<\/a>\n\t\t\t\t\t\t\t\t\t\t<\/div>\n\t\t\t\t\t\t\t                \t\t\t\t\t\t        \t<\/div>\n\t\t\t\t\t\t        \t\n\t\t\t\t\t\t\t\t\t\t\t\t\t\n\t\t\t\t\t\t<\/div>\n\t\t\t\t\t<\/div>\n\t\t\t\t\t<\/div>\n\n\t\t\t\t\t\t   \t \n\t\t\t\t<\/div>\n\t\t\t\t\t\n\t\t\t\n\t\t\t\t<div class=\"content-box-12146 contentboxes-image-wrap bg-image half-width square mobile-uncropped    no-vertical-text no-content cb-mobile-content-leave cb-mobile-content-vertical-leave    \"  data-aos=\"fade-up\" data-aos-delay=\"200\"   style=\"order:1\"  >\n\n\t\t\t\t\t<div class=\"contentboxes-image-wrap-inner\">\n\n\t\t\t\t\t\n\t\t\t\t\t\t<div class=\"contentboxes-zoom-wrap \">\n\t\t\t\t\t\t\n\t\t\t\t\t\t\t\t\t\t\t\t\t<div class=\"contentboxbgimage\" style=\"background-image: url(https:\/\/trinhgia-restaurant.de\/wp-content\/uploads\/2024\/11\/trinh-gia-restaurant-augsburg-startseite-ueber-uns-3.webp);\"><\/div> \n\t\t\t\t\t\t\t\t\t\t\t\t<div class=\"contentbox-overlay   gradient-contentboxes-content-middle\" >\n\t\t\t\t\t\t\n\t\t\t\t\t\t\t<div class=\"contentboxes-content-wrap centered-content contentboxes-content-center contentboxes-content-middle\"  >\n\n\t\t\t\t\t\t\t\t\n\t\t\t\t\t\t\t\t\t\t\t\t\t\t<\/div>\n\t\t\t\t\t\t\t\t\t\t\t\t\t\n\t\t\t\t\t\t<\/div>\n\t\t\t\t\t<\/div>\n\t\t\t\t\t<\/div>\n\n\t\t\t\t\t\t   \t \n\t\t\t\t<\/div>\n\t\t\t\t\t\n\t\t\t\t\t\t<\/div>\n\t\t\t\t<\/div>\n\n\t<\/section> \n\n\n\n\n\t<section id=\"hero-mb-block-22508a20-ef44-4a18-bdb8-ed9a8f2c5fd8\" class=\"section section-hero  alignfull section-hero section-hero-image content-dark has-overlay  full-viewheightmobile\" data-aos=\"fade\">\n\n\t\t \n\t\t\t<img decoding=\"async\" class=\"hero-image hero-background hero-content-center  hmobile-contentv-bottom\" src=\"https:\/\/trinhgia-restaurant.de\/wp-content\/uploads\/2024\/11\/trinh-gia-restaurant-augsburg-startseite-ueber-uns-4.webp\" alt=\"\" \/>\n\t\t\n\t\t<div class=\"hero-content-wrap centered-content image-uploaded hero-content-center  hmobile-contentv-bottom full-width-overlay\"  style=\"background-color:rgba(0,0,0,0.4)\" >\n\t\t\t<div class=\"hero-content section-content\">\n\t\t\t\t\t\t\t\t\t\t\t\t\t<div class=\"hero-content-item hero-subtitle subtitle-above use-body-font content-dark\"  data-aos=\"fade-down\" data-aos-delay=\"100\"  >Trinh Gia Restaurant<\/div>\n\t\t\t\t\t\t\t\t\t\t                \t<h2 style=\"letter-spacing:px\" class=\"hero-content-item hero-title \"> This is us. We look forward to welcoming you to our restaurant.<\/h2>\n\t\t                \n\t\t                \t\t                \n\t\t\t        <div class=\"hero-content-item hero-buttons\">\n\t\t\t\t\t\t\t\t\t<\/div>\n\n\t\t\t<\/div>\n\t\t<\/div>\n\n\t\t\n\t<\/section> \n\n","protected":false},"excerpt":{"rendered":"","protected":false},"author":1,"featured_media":0,"parent":0,"menu_order":12,"comment_status":"closed","ping_status":"closed","template":"","meta":{"footnotes":""},"class_list":["post-12770","page","type-page","status-publish","hentry"],"yoast_head":"<!-- This site is optimized with the Yoast SEO plugin v24.8.1 - https:\/\/yoast.com\/wordpress\/plugins\/seo\/ -->\n<title>About Us - Trinh Gia Restaurant<\/title>\n<meta name=\"description\" content=\"Find out more about Trinh Gia Restaurant and our philosophy - creative Asian cuisine that combines tradition and innovation\" \/>\n<meta name=\"robots\" content=\"index, follow, max-snippet:-1, max-image-preview:large, max-video-preview:-1\" \/>\n<link rel=\"canonical\" href=\"https:\/\/trinhgia-restaurant.de\/en\/ueber-uns\/\" \/>\n<meta property=\"og:locale\" content=\"en_US\" \/>\n<meta property=\"og:type\" content=\"article\" \/>\n<meta property=\"og:title\" content=\"\u00dcber Uns - Trinh Gia Restaurant\" \/>\n<meta property=\"og:description\" content=\"Erfahren Sie mehr \u00fcber Trinh Gia Restaurant und unsere Philosophie \u2013 kreative asiatische K\u00fcche, die Tradition und Innovation vereint\" \/>\n<meta property=\"og:url\" content=\"https:\/\/trinhgia-restaurant.de\/en\/ueber-uns\/\" \/>\n<meta property=\"og:site_name\" content=\"Trinh Gia Restaurant\" \/>\n<meta property=\"article:modified_time\" content=\"2025-01-02T14:28:16+00:00\" \/>\n<meta property=\"og:image\" content=\"https:\/\/trinhgia-restaurant.de\/wp-content\/uploads\/2024\/11\/trinh-gia-restaurant-augsburg-startseite-slider.webp\" \/>\n\t<meta property=\"og:image:width\" content=\"1920\" \/>\n\t<meta property=\"og:image:height\" content=\"1300\" \/>\n\t<meta property=\"og:image:type\" content=\"image\/webp\" \/>\n<meta name=\"twitter:card\" content=\"summary_large_image\" \/>\n<script type=\"application\/ld+json\" class=\"yoast-schema-graph\">{\"@context\":\"https:\/\/schema.org\",\"@graph\":[{\"@type\":\"WebPage\",\"@id\":\"https:\/\/trinhgia-restaurant.de\/en\/ueber-uns\/\",\"url\":\"https:\/\/trinhgia-restaurant.de\/en\/ueber-uns\/\",\"name\":\"About Us - Trinh Gia Restaurant\",\"isPartOf\":{\"@id\":\"https:\/\/trinhgia-restaurant.de\/#website\"},\"datePublished\":\"2020-06-14T10:08:23+00:00\",\"dateModified\":\"2025-01-02T14:28:16+00:00\",\"description\":\"Find out more about Trinh Gia Restaurant and our philosophy - creative Asian cuisine that combines tradition and innovation\",\"breadcrumb\":{\"@id\":\"https:\/\/trinhgia-restaurant.de\/en\/ueber-uns\/#breadcrumb\"},\"inLanguage\":\"en-US\",\"potentialAction\":[{\"@type\":\"ReadAction\",\"target\":[\"https:\/\/trinhgia-restaurant.de\/en\/ueber-uns\/\"]}]},{\"@type\":\"BreadcrumbList\",\"@id\":\"https:\/\/trinhgia-restaurant.de\/en\/ueber-uns\/#breadcrumb\",\"itemListElement\":[{\"@type\":\"ListItem\",\"position\":1,\"name\":\"Startseite\",\"item\":\"https:\/\/trinhgia-restaurant.de\/en\/\"},{\"@type\":\"ListItem\",\"position\":2,\"name\":\"About Us\"}]},{\"@type\":\"WebSite\",\"@id\":\"https:\/\/trinhgia-restaurant.de\/#website\",\"url\":\"https:\/\/trinhgia-restaurant.de\/\",\"name\":\"Trinh Gia Restaurant\",\"description\":\"\",\"publisher\":{\"@id\":\"https:\/\/trinhgia-restaurant.de\/#organization\"},\"potentialAction\":[{\"@type\":\"SearchAction\",\"target\":{\"@type\":\"EntryPoint\",\"urlTemplate\":\"https:\/\/trinhgia-restaurant.de\/?s={search_term_string}\"},\"query-input\":{\"@type\":\"PropertyValueSpecification\",\"valueRequired\":true,\"valueName\":\"search_term_string\"}}],\"inLanguage\":\"en-US\"},{\"@type\":\"Organization\",\"@id\":\"https:\/\/trinhgia-restaurant.de\/#organization\",\"name\":\"Trinh Gia Restaurant\",\"url\":\"https:\/\/trinhgia-restaurant.de\/\",\"logo\":{\"@type\":\"ImageObject\",\"inLanguage\":\"en-US\",\"@id\":\"https:\/\/trinhgia-restaurant.de\/#\/schema\/logo\/image\/\",\"url\":\"https:\/\/trinhgia-restaurant.de\/wp-content\/uploads\/2024\/11\/Trinh-Gia-Restaurant-Favicon-Logo-Gold-White-512px.png\",\"contentUrl\":\"https:\/\/trinhgia-restaurant.de\/wp-content\/uploads\/2024\/11\/Trinh-Gia-Restaurant-Favicon-Logo-Gold-White-512px.png\",\"width\":512,\"height\":512,\"caption\":\"Trinh Gia Restaurant\"},\"image\":{\"@id\":\"https:\/\/trinhgia-restaurant.de\/#\/schema\/logo\/image\/\"}}]}<\/script>\n<!-- \/ Yoast SEO plugin. -->","yoast_head_json":{"title":"About Us - Trinh Gia Restaurant","description":"Find out more about Trinh Gia Restaurant and our philosophy - creative Asian cuisine that combines tradition and innovation","robots":{"index":"index","follow":"follow","max-snippet":"max-snippet:-1","max-image-preview":"max-image-preview:large","max-video-preview":"max-video-preview:-1"},"canonical":"https:\/\/trinhgia-restaurant.de\/en\/ueber-uns\/","og_locale":"en_US","og_type":"article","og_title":"\u00dcber Uns - Trinh Gia Restaurant","og_description":"Erfahren Sie mehr \u00fcber Trinh Gia Restaurant und unsere Philosophie \u2013 kreative asiatische K\u00fcche, die Tradition und Innovation vereint","og_url":"https:\/\/trinhgia-restaurant.de\/en\/ueber-uns\/","og_site_name":"Trinh Gia Restaurant","article_modified_time":"2025-01-02T14:28:16+00:00","og_image":[{"width":1920,"height":1300,"url":"https:\/\/trinhgia-restaurant.de\/wp-content\/uploads\/2024\/11\/trinh-gia-restaurant-augsburg-startseite-slider.webp","type":"image\/webp"}],"twitter_card":"summary_large_image","schema":{"@context":"https:\/\/schema.org","@graph":[{"@type":"WebPage","@id":"https:\/\/trinhgia-restaurant.de\/en\/ueber-uns\/","url":"https:\/\/trinhgia-restaurant.de\/en\/ueber-uns\/","name":"About Us - Trinh Gia Restaurant","isPartOf":{"@id":"https:\/\/trinhgia-restaurant.de\/#website"},"datePublished":"2020-06-14T10:08:23+00:00","dateModified":"2025-01-02T14:28:16+00:00","description":"Find out more about Trinh Gia Restaurant and our philosophy - creative Asian cuisine that combines tradition and innovation","breadcrumb":{"@id":"https:\/\/trinhgia-restaurant.de\/en\/ueber-uns\/#breadcrumb"},"inLanguage":"en-US","potentialAction":[{"@type":"ReadAction","target":["https:\/\/trinhgia-restaurant.de\/en\/ueber-uns\/"]}]},{"@type":"BreadcrumbList","@id":"https:\/\/trinhgia-restaurant.de\/en\/ueber-uns\/#breadcrumb","itemListElement":[{"@type":"ListItem","position":1,"name":"Startseite","item":"https:\/\/trinhgia-restaurant.de\/en\/"},{"@type":"ListItem","position":2,"name":"About Us"}]},{"@type":"WebSite","@id":"https:\/\/trinhgia-restaurant.de\/#website","url":"https:\/\/trinhgia-restaurant.de\/","name":"Trinh Gia Restaurant","description":"","publisher":{"@id":"https:\/\/trinhgia-restaurant.de\/#organization"},"potentialAction":[{"@type":"SearchAction","target":{"@type":"EntryPoint","urlTemplate":"https:\/\/trinhgia-restaurant.de\/?s={search_term_string}"},"query-input":{"@type":"PropertyValueSpecification","valueRequired":true,"valueName":"search_term_string"}}],"inLanguage":"en-US"},{"@type":"Organization","@id":"https:\/\/trinhgia-restaurant.de\/#organization","name":"Trinh Gia Restaurant","url":"https:\/\/trinhgia-restaurant.de\/","logo":{"@type":"ImageObject","inLanguage":"en-US","@id":"https:\/\/trinhgia-restaurant.de\/#\/schema\/logo\/image\/","url":"https:\/\/trinhgia-restaurant.de\/wp-content\/uploads\/2024\/11\/Trinh-Gia-Restaurant-Favicon-Logo-Gold-White-512px.png","contentUrl":"https:\/\/trinhgia-restaurant.de\/wp-content\/uploads\/2024\/11\/Trinh-Gia-Restaurant-Favicon-Logo-Gold-White-512px.png","width":512,"height":512,"caption":"Trinh Gia Restaurant"},"image":{"@id":"https:\/\/trinhgia-restaurant.de\/#\/schema\/logo\/image\/"}}]}},"_links":{"self":[{"href":"https:\/\/trinhgia-restaurant.de\/en\/wp-json\/wp\/v2\/pages\/12770","targetHints":{"allow":["GET"]}}],"collection":[{"href":"https:\/\/trinhgia-restaurant.de\/en\/wp-json\/wp\/v2\/pages"}],"about":[{"href":"https:\/\/trinhgia-restaurant.de\/en\/wp-json\/wp\/v2\/types\/page"}],"author":[{"embeddable":true,"href":"https:\/\/trinhgia-restaurant.de\/en\/wp-json\/wp\/v2\/users\/1"}],"replies":[{"embeddable":true,"href":"https:\/\/trinhgia-restaurant.de\/en\/wp-json\/wp\/v2\/comments?post=12770"}],"version-history":[{"count":4,"href":"https:\/\/trinhgia-restaurant.de\/en\/wp-json\/wp\/v2\/pages\/12770\/revisions"}],"predecessor-version":[{"id":12775,"href":"https:\/\/trinhgia-restaurant.de\/en\/wp-json\/wp\/v2\/pages\/12770\/revisions\/12775"}],"wp:attachment":[{"href":"https:\/\/trinhgia-restaurant.de\/en\/wp-json\/wp\/v2\/media?parent=12770"}],"curies":[{"name":"wp","href":"https:\/\/api.w.org\/{rel}","templated":true}]}}