{"id":12781,"date":"2024-12-06T15:41:24","date_gmt":"2024-12-06T14:41:24","guid":{"rendered":"https:\/\/trinhgia-restaurant.de\/events\/"},"modified":"2025-01-02T15:29:45","modified_gmt":"2025-01-02T14:29:45","slug":"events","status":"publish","type":"page","link":"https:\/\/trinhgia-restaurant.de\/en\/events\/","title":{"rendered":"Events"},"content":{"rendered":"\n\t<section id=\"contentboxes-mb-block-080cdc49-ef38-4e76-9400-92c2fe2405fc\" class=\"section section-contentboxes  alignfull \">\n\n\t\t<div class=\"contentboxes-wrap none\"  >\n\t\t\t\t\t<div class=\"contentboxes-masonry \">\n\n\t\t\t\t<div class=\"grid-sizer-contentboxes\"><\/div>\n\n\t\t\t\t\n\t\t\t\t<div class=\"content-box-12211 contentboxes-image-wrap bg-image half-width uncropped mobile-uncropped    no-vertical-text no-content cb-mobile-content-leave cb-mobile-content-vertical-leave    \"  data-aos=\"fade-up\" data-aos-delay=\"100\"   >\n\n\t\t\t\t\t<div class=\"contentboxes-image-wrap-inner\">\n\n\t\t\t\t\t\n\t\t\t\t\t\t<div class=\"contentboxes-zoom-wrap \">\n\t\t\t\t\t\t\n\t\t\t\t\t\t\t\t\t\t\t\t\t<div class=\"contentboxbgimage\" style=\"background-image: url(https:\/\/trinhgia-restaurant.de\/wp-content\/uploads\/2024\/12\/trinh-gia-restaurant-augsburg-events-2.webp);\"><\/div> \n\t\t\t\t\t\t\t\t\t\t\t\t<div class=\"contentbox-overlay   gradient-contentboxes-content-middle\" >\n\t\t\t\t\t\t\n\t\t\t\t\t\t\t<div class=\"contentboxes-content-wrap centered-content  contentboxes-content-middle\"  >\n\n\t\t\t\t\t\t\t\t\n\t\t\t\t\t\t\t\t\t\t\t\t\t\t<\/div>\n\t\t\t\t\t\t\t\t\t\t\t\t\t\n\t\t\t\t\t\t<\/div>\n\t\t\t\t\t<\/div>\n\t\t\t\t\t<\/div>\n\n\t\t\t\t\t\t   \t \n\t\t\t\t<\/div>\n\t\t\t\t\t\n\t\t\t\n\t\t\t\t<div class=\"content-box- contentboxes-image-wrap bg-none half-width square mobile-uncropped   content-dark no-vertical-text has-content cb-mobile-content-leave cb-mobile-content-vertical-leave    \"  data-aos=\"fade-up\" data-aos-delay=\"200\"   style=\"order:2\"  >\n\n\t\t\t\t\t<div class=\"contentboxes-image-wrap-inner\">\n\n\t\t\t\t\t\n\t\t\t\t\t\t<div class=\"contentboxes-zoom-wrap \">\n\t\t\t\t\t\t\n\t\t\t\t\t\t\n\t\t\t\t\t\t\n\t\t\t\t\t\t\t<div class=\"contentboxes-content-wrap centered-content contentboxes-content-center contentboxes-content-middle\"  >\n\n\t\t\t\t\t\t\t\t\t\t\t\t\t\t\t\t<div class=\"contentboxes-content section-content\">\n\t\t\t\t\t\t\t\t\t\t\t\t\t\t\t\t\t\t\t\t\t\t\t\t\t\t\t\t\t\t\t\t\t\t                \t<h1  class=\"contentboxes-content-item contentboxes-title\"  data-aos=\"slide-up\"  >Your Event Inquiry<\/h1>\n\t\t\t\t\t\t\t                \t\t\t\t\t\t\t                \t\t\t\t\t\t\t                \t\t\t\t\t\t\t                \t<div class=\"contentboxes-content-item contentboxes-text\"  data-aos=\"fade-right\" data-aos-delay=\"340\"  >Are you planning a special moment and would like to enjoy it in a relaxed atmosphere? We offer you the opportunity to tailor small events individually. Share your wishes with us, and we will ensure that your visit becomes something special. With delicious dishes and attentive service, we create the perfect setting for your request. Let us make your occasion unforgettable together.<\/div>\n\t\t\t\t\t\t\t                \t\t\t\t\t\t\t                \t\t\t\t\t\t        \t<\/div>\n\t\t\t\t\t\t        \t\n\t\t\t\t\t\t\t\t\t\t\t\t\t\n\t\t\t\t\t\t<\/div>\n\t\t\t\t\t<\/div>\n\t\t\t\t\t<\/div>\n\n\t\t\t\t\t\t   \t \n\t\t\t\t<\/div>\n\t\t\t\t\t\n\t\t\t\t\t\t<\/div>\n\t\t\t\t<\/div>\n\n\t<\/section> \n\n\n\n\n\t<section id=\"contentboxes-mb-block-1da81907-5e92-4659-bd58-6f49932794dc\" class=\"section section-contentboxes  alignfull \">\n\n\t\t<div class=\"contentboxes-wrap none\"  >\n\t\t\t\t\t<div class=\"contentboxes-masonry \">\n\n\t\t\t\t<div class=\"grid-sizer-contentboxes\"><\/div>\n\n\t\t\t\t\n\t\t\t\t<div class=\"content-box- contentboxes-image-wrap bg-none half-width square mobile-uncropped   content-dark no-vertical-text has-content cb-mobile-content-leave cb-mobile-content-vertical-leave    \"  data-aos=\"fade-up\" data-aos-delay=\"100\"   style=\"order:2\"  >\n\n\t\t\t\t\t<div class=\"contentboxes-image-wrap-inner\">\n\n\t\t\t\t\t\n\t\t\t\t\t\t<div class=\"contentboxes-zoom-wrap \">\n\t\t\t\t\t\t\n\t\t\t\t\t\t\n\t\t\t\t\t\t\n\t\t\t\t\t\t\t<div class=\"contentboxes-content-wrap centered-content contentboxes-content-center contentboxes-content-middle\"  >\n\n\t\t\t\t\t\t\t\t\t\t\t\t\t\t\t\t<div class=\"contentboxes-content section-content\">\n\t\t\t\t\t\t\t\t\t\t\t\t\t\t\t\t\t\t\t\t\t\t\t\t\t\t\t\t\t\t\t\t\t\t                \t<h1  class=\"contentboxes-content-item contentboxes-title\"  data-aos=\"slide-up\"  >Contact Form<\/h1>\n\t\t\t\t\t\t\t                \t\t\t\t\t\t\t                \t\t\t\t\t\t\t                \t\t\t\t\t\t\t                \t<div class=\"contentboxes-content-item contentboxes-text\"  data-aos=\"fade-right\" data-aos-delay=\"340\"  >[contact-form-7 id=&#8221;26314dd&#8221; title=&#8221;Event Anfrage&#8221;]<\/div>\n\t\t\t\t\t\t\t                \t\t\t\t\t\t\t                \t\t\t\t\t\t        \t<\/div>\n\t\t\t\t\t\t        \t\n\t\t\t\t\t\t\t\t\t\t\t\t\t\n\t\t\t\t\t\t<\/div>\n\t\t\t\t\t<\/div>\n\t\t\t\t\t<\/div>\n\n\t\t\t\t\t\t   \t \n\t\t\t\t<\/div>\n\t\t\t\t\t\n\t\t\t\n\t\t\t\t<div class=\"content-box-12212 contentboxes-image-wrap bg-image half-width square mobile-uncropped   content-white no-vertical-text no-content cb-mobile-content-leave cb-mobile-content-vertical-leave    \"  data-aos=\"fade-up\" data-aos-delay=\"200\"   style=\"order:1\"  >\n\n\t\t\t\t\t<div class=\"contentboxes-image-wrap-inner\">\n\n\t\t\t\t\t\n\t\t\t\t\t\t<div class=\"contentboxes-zoom-wrap \">\n\t\t\t\t\t\t\n\t\t\t\t\t\t\t\t\t\t\t\t\t<div class=\"contentboxbgimage\" style=\"background-image: url(https:\/\/trinhgia-restaurant.de\/wp-content\/uploads\/2024\/12\/trinh-gia-restaurant-augsburg-events-1.webp);\"><\/div> \n\t\t\t\t\t\t\t\t\t\t\t\t<div class=\"contentbox-overlay   gradient-contentboxes-content-middle\" >\n\t\t\t\t\t\t\n\t\t\t\t\t\t\t<div class=\"contentboxes-content-wrap centered-content contentboxes-content-center contentboxes-content-middle\"  >\n\n\t\t\t\t\t\t\t\t\n\t\t\t\t\t\t\t\t\t\t\t\t\t\t<\/div>\n\t\t\t\t\t\t\t\t\t\t\t\t\t\n\t\t\t\t\t\t<\/div>\n\t\t\t\t\t<\/div>\n\t\t\t\t\t<\/div>\n\n\t\t\t\t\t\t   \t \n\t\t\t\t<\/div>\n\t\t\t\t\t\n\t\t\t\t\t\t<\/div>\n\t\t\t\t<\/div>\n\n\t<\/section> \n\n\n\n\n\t<section id=\"hero-mb-block-5431814c-b7ba-45d9-b403-f95b6a8a2e2a\" class=\"section section-hero  alignfull section-hero section-hero-image content-dark has-overlay  full-viewheightmobile\" data-aos=\"fade\">\n\n\t\t \n\t\t\t<img decoding=\"async\" class=\"hero-image hero-background hero-content-center  hmobile-contentv-bottom\" src=\"https:\/\/trinhgia-restaurant.de\/wp-content\/uploads\/2024\/12\/trinh-gia-restaurant-augsburg-reservieren-3.webp\" alt=\"\" \/>\n\t\t\n\t\t<div class=\"hero-content-wrap centered-content image-uploaded hero-content-center  hmobile-contentv-bottom full-width-overlay\"  style=\"background-color:rgba(0,0,0,0.4)\" >\n\t\t\t<div class=\"hero-content section-content\">\n\t\t\t\t\t\t\t\t\t\t\t\t\t<div class=\"hero-content-item hero-subtitle subtitle-above use-body-font content-dark\"  data-aos=\"fade-down\" data-aos-delay=\"100\"  >Trinh Gia Restaurant<\/div>\n\t\t\t\t\t\t\t\t\t\t                \t<h2 style=\"letter-spacing:px\" class=\"hero-content-item hero-title \"> We look forward to welcoming you soon.<\/h2>\n\t\t                \n\t\t                \t\t                \n\t\t\t        <div class=\"hero-content-item hero-buttons\">\n\t\t\t\t\t\t\t\t\t<\/div>\n\n\t\t\t<\/div>\n\t\t<\/div>\n\n\t\t\n\t<\/section> \n\n","protected":false},"excerpt":{"rendered":"","protected":false},"author":1,"featured_media":0,"parent":0,"menu_order":0,"comment_status":"closed","ping_status":"closed","template":"","meta":{"footnotes":""},"class_list":["post-12781","page","type-page","status-publish","hentry"],"yoast_head":"<!-- This site is optimized with the Yoast SEO plugin v24.8.1 - https:\/\/yoast.com\/wordpress\/plugins\/seo\/ -->\n<title>Events - Trinh Gia Restaurant<\/title>\n<meta name=\"description\" content=\"Celebrate special occasions at Trinh Gia Restaurant. We offer customized event services for every celebration\" \/>\n<meta name=\"robots\" content=\"index, follow, max-snippet:-1, max-image-preview:large, max-video-preview:-1\" \/>\n<link rel=\"canonical\" href=\"https:\/\/trinhgia-restaurant.de\/en\/events\/\" \/>\n<meta property=\"og:locale\" content=\"en_US\" \/>\n<meta property=\"og:type\" content=\"article\" \/>\n<meta property=\"og:title\" content=\"Events - Trinh Gia Restaurant\" \/>\n<meta property=\"og:description\" content=\"Feiern Sie besondere Anl\u00e4sse im Trinh Gia Restaurant. Wir bieten ma\u00dfgeschneiderte Event-Services f\u00fcr jede Feier\" \/>\n<meta property=\"og:url\" content=\"https:\/\/trinhgia-restaurant.de\/en\/events\/\" \/>\n<meta property=\"og:site_name\" content=\"Trinh Gia Restaurant\" \/>\n<meta property=\"article:modified_time\" content=\"2025-01-02T14:29:45+00:00\" \/>\n<meta property=\"og:image\" content=\"https:\/\/trinhgia-restaurant.de\/wp-content\/uploads\/2024\/11\/trinh-gia-restaurant-augsburg-reservieren-1.webp\" \/>\n\t<meta property=\"og:image:width\" content=\"1200\" \/>\n\t<meta property=\"og:image:height\" content=\"1200\" \/>\n\t<meta property=\"og:image:type\" content=\"image\/webp\" \/>\n<meta name=\"twitter:card\" content=\"summary_large_image\" \/>\n<script type=\"application\/ld+json\" class=\"yoast-schema-graph\">{\"@context\":\"https:\/\/schema.org\",\"@graph\":[{\"@type\":\"WebPage\",\"@id\":\"https:\/\/trinhgia-restaurant.de\/en\/events\/\",\"url\":\"https:\/\/trinhgia-restaurant.de\/en\/events\/\",\"name\":\"Events - Trinh Gia Restaurant\",\"isPartOf\":{\"@id\":\"https:\/\/trinhgia-restaurant.de\/#website\"},\"datePublished\":\"2024-12-06T14:41:24+00:00\",\"dateModified\":\"2025-01-02T14:29:45+00:00\",\"description\":\"Celebrate special occasions at Trinh Gia Restaurant. We offer customized event services for every celebration\",\"breadcrumb\":{\"@id\":\"https:\/\/trinhgia-restaurant.de\/en\/events\/#breadcrumb\"},\"inLanguage\":\"en-US\",\"potentialAction\":[{\"@type\":\"ReadAction\",\"target\":[\"https:\/\/trinhgia-restaurant.de\/en\/events\/\"]}]},{\"@type\":\"BreadcrumbList\",\"@id\":\"https:\/\/trinhgia-restaurant.de\/en\/events\/#breadcrumb\",\"itemListElement\":[{\"@type\":\"ListItem\",\"position\":1,\"name\":\"Startseite\",\"item\":\"https:\/\/trinhgia-restaurant.de\/en\/\"},{\"@type\":\"ListItem\",\"position\":2,\"name\":\"Events\"}]},{\"@type\":\"WebSite\",\"@id\":\"https:\/\/trinhgia-restaurant.de\/#website\",\"url\":\"https:\/\/trinhgia-restaurant.de\/\",\"name\":\"Trinh Gia Restaurant\",\"description\":\"\",\"publisher\":{\"@id\":\"https:\/\/trinhgia-restaurant.de\/#organization\"},\"potentialAction\":[{\"@type\":\"SearchAction\",\"target\":{\"@type\":\"EntryPoint\",\"urlTemplate\":\"https:\/\/trinhgia-restaurant.de\/?s={search_term_string}\"},\"query-input\":{\"@type\":\"PropertyValueSpecification\",\"valueRequired\":true,\"valueName\":\"search_term_string\"}}],\"inLanguage\":\"en-US\"},{\"@type\":\"Organization\",\"@id\":\"https:\/\/trinhgia-restaurant.de\/#organization\",\"name\":\"Trinh Gia Restaurant\",\"url\":\"https:\/\/trinhgia-restaurant.de\/\",\"logo\":{\"@type\":\"ImageObject\",\"inLanguage\":\"en-US\",\"@id\":\"https:\/\/trinhgia-restaurant.de\/#\/schema\/logo\/image\/\",\"url\":\"https:\/\/trinhgia-restaurant.de\/wp-content\/uploads\/2024\/11\/Trinh-Gia-Restaurant-Favicon-Logo-Gold-White-512px.png\",\"contentUrl\":\"https:\/\/trinhgia-restaurant.de\/wp-content\/uploads\/2024\/11\/Trinh-Gia-Restaurant-Favicon-Logo-Gold-White-512px.png\",\"width\":512,\"height\":512,\"caption\":\"Trinh Gia Restaurant\"},\"image\":{\"@id\":\"https:\/\/trinhgia-restaurant.de\/#\/schema\/logo\/image\/\"}}]}<\/script>\n<!-- \/ Yoast SEO plugin. -->","yoast_head_json":{"title":"Events - Trinh Gia Restaurant","description":"Celebrate special occasions at Trinh Gia Restaurant. We offer customized event services for every celebration","robots":{"index":"index","follow":"follow","max-snippet":"max-snippet:-1","max-image-preview":"max-image-preview:large","max-video-preview":"max-video-preview:-1"},"canonical":"https:\/\/trinhgia-restaurant.de\/en\/events\/","og_locale":"en_US","og_type":"article","og_title":"Events - Trinh Gia Restaurant","og_description":"Feiern Sie besondere Anl\u00e4sse im Trinh Gia Restaurant. Wir bieten ma\u00dfgeschneiderte Event-Services f\u00fcr jede Feier","og_url":"https:\/\/trinhgia-restaurant.de\/en\/events\/","og_site_name":"Trinh Gia Restaurant","article_modified_time":"2025-01-02T14:29:45+00:00","og_image":[{"width":1200,"height":1200,"url":"https:\/\/trinhgia-restaurant.de\/wp-content\/uploads\/2024\/11\/trinh-gia-restaurant-augsburg-reservieren-1.webp","type":"image\/webp"}],"twitter_card":"summary_large_image","schema":{"@context":"https:\/\/schema.org","@graph":[{"@type":"WebPage","@id":"https:\/\/trinhgia-restaurant.de\/en\/events\/","url":"https:\/\/trinhgia-restaurant.de\/en\/events\/","name":"Events - Trinh Gia Restaurant","isPartOf":{"@id":"https:\/\/trinhgia-restaurant.de\/#website"},"datePublished":"2024-12-06T14:41:24+00:00","dateModified":"2025-01-02T14:29:45+00:00","description":"Celebrate special occasions at Trinh Gia Restaurant. We offer customized event services for every celebration","breadcrumb":{"@id":"https:\/\/trinhgia-restaurant.de\/en\/events\/#breadcrumb"},"inLanguage":"en-US","potentialAction":[{"@type":"ReadAction","target":["https:\/\/trinhgia-restaurant.de\/en\/events\/"]}]},{"@type":"BreadcrumbList","@id":"https:\/\/trinhgia-restaurant.de\/en\/events\/#breadcrumb","itemListElement":[{"@type":"ListItem","position":1,"name":"Startseite","item":"https:\/\/trinhgia-restaurant.de\/en\/"},{"@type":"ListItem","position":2,"name":"Events"}]},{"@type":"WebSite","@id":"https:\/\/trinhgia-restaurant.de\/#website","url":"https:\/\/trinhgia-restaurant.de\/","name":"Trinh Gia Restaurant","description":"","publisher":{"@id":"https:\/\/trinhgia-restaurant.de\/#organization"},"potentialAction":[{"@type":"SearchAction","target":{"@type":"EntryPoint","urlTemplate":"https:\/\/trinhgia-restaurant.de\/?s={search_term_string}"},"query-input":{"@type":"PropertyValueSpecification","valueRequired":true,"valueName":"search_term_string"}}],"inLanguage":"en-US"},{"@type":"Organization","@id":"https:\/\/trinhgia-restaurant.de\/#organization","name":"Trinh Gia Restaurant","url":"https:\/\/trinhgia-restaurant.de\/","logo":{"@type":"ImageObject","inLanguage":"en-US","@id":"https:\/\/trinhgia-restaurant.de\/#\/schema\/logo\/image\/","url":"https:\/\/trinhgia-restaurant.de\/wp-content\/uploads\/2024\/11\/Trinh-Gia-Restaurant-Favicon-Logo-Gold-White-512px.png","contentUrl":"https:\/\/trinhgia-restaurant.de\/wp-content\/uploads\/2024\/11\/Trinh-Gia-Restaurant-Favicon-Logo-Gold-White-512px.png","width":512,"height":512,"caption":"Trinh Gia Restaurant"},"image":{"@id":"https:\/\/trinhgia-restaurant.de\/#\/schema\/logo\/image\/"}}]}},"_links":{"self":[{"href":"https:\/\/trinhgia-restaurant.de\/en\/wp-json\/wp\/v2\/pages\/12781","targetHints":{"allow":["GET"]}}],"collection":[{"href":"https:\/\/trinhgia-restaurant.de\/en\/wp-json\/wp\/v2\/pages"}],"about":[{"href":"https:\/\/trinhgia-restaurant.de\/en\/wp-json\/wp\/v2\/types\/page"}],"author":[{"embeddable":true,"href":"https:\/\/trinhgia-restaurant.de\/en\/wp-json\/wp\/v2\/users\/1"}],"replies":[{"embeddable":true,"href":"https:\/\/trinhgia-restaurant.de\/en\/wp-json\/wp\/v2\/comments?post=12781"}],"version-history":[{"count":4,"href":"https:\/\/trinhgia-restaurant.de\/en\/wp-json\/wp\/v2\/pages\/12781\/revisions"}],"predecessor-version":[{"id":12787,"href":"https:\/\/trinhgia-restaurant.de\/en\/wp-json\/wp\/v2\/pages\/12781\/revisions\/12787"}],"wp:attachment":[{"href":"https:\/\/trinhgia-restaurant.de\/en\/wp-json\/wp\/v2\/media?parent=12781"}],"curies":[{"name":"wp","href":"https:\/\/api.w.org\/{rel}","templated":true}]}}